{"id":116,"date":"2021-11-12T10:08:36","date_gmt":"2021-11-12T09:08:36","guid":{"rendered":"https:\/\/energem.fr\/professionnel\/?page_id=116"},"modified":"2024-07-04T15:52:42","modified_gmt":"2024-07-04T13:52:42","slug":"depannelec-pro","status":"publish","type":"page","link":"https:\/\/energem.fr\/professionnel\/depannelec-pro\/","title":{"rendered":"D\u00e9pann&rsquo;\u00e9l\u00e9c pro"},"content":{"rendered":"","protected":false},"excerpt":{"rendered":"","protected":false},"author":1,"featured_media":395,"parent":0,"menu_order":0,"comment_status":"closed","ping_status":"closed","template":"page-composants.php","meta":{"_acf_changed":false,"footnotes":""},"class_list":["post-116","page","type-page","status-publish","has-post-thumbnail","hentry"],"acf":[],"yoast_head":"<!-- This site is optimized with the Yoast SEO plugin v27.1.1 - https:\/\/yoast.com\/product\/yoast-seo-wordpress\/ -->\n<title>D\u00e9pann&#039;\u00e9l\u00e9c pro - energem professionnel<\/title>\n<meta name=\"robots\" content=\"index, follow, max-snippet:-1, max-image-preview:large, max-video-preview:-1\" \/>\n<link rel=\"canonical\" href=\"https:\/\/energem.fr\/professionnel\/depannelec-pro\/\" \/>\n<meta property=\"og:locale\" content=\"fr_FR\" \/>\n<meta property=\"og:type\" content=\"article\" \/>\n<meta property=\"og:title\" content=\"D\u00e9pann&#039;\u00e9l\u00e9c pro - energem professionnel\" \/>\n<meta property=\"og:url\" content=\"https:\/\/energem.fr\/professionnel\/depannelec-pro\/\" \/>\n<meta property=\"og:site_name\" content=\"energem professionnel\" \/>\n<meta property=\"article:modified_time\" content=\"2024-07-04T13:52:42+00:00\" \/>\n<meta property=\"og:image\" content=\"https:\/\/energem.fr\/wp-content\/uploads\/sites\/5\/2022\/08\/depannelec-pro.jpeg\" \/>\n\t<meta property=\"og:image:width\" content=\"1920\" \/>\n\t<meta property=\"og:image:height\" content=\"939\" \/>\n\t<meta property=\"og:image:type\" content=\"image\/jpeg\" \/>\n<meta name=\"twitter:card\" content=\"summary_large_image\" \/>\n<script type=\"application\/ld+json\" class=\"yoast-schema-graph\">{\"@context\":\"https:\/\/schema.org\",\"@graph\":[{\"@type\":\"WebPage\",\"@id\":\"https:\/\/energem.fr\/professionnel\/depannelec-pro\/\",\"url\":\"https:\/\/energem.fr\/professionnel\/depannelec-pro\/\",\"name\":\"D\u00e9pann'\u00e9l\u00e9c pro - energem professionnel\",\"isPartOf\":{\"@id\":\"https:\/\/energem.fr\/professionnel\/#website\"},\"primaryImageOfPage\":{\"@id\":\"https:\/\/energem.fr\/professionnel\/depannelec-pro\/#primaryimage\"},\"image\":{\"@id\":\"https:\/\/energem.fr\/professionnel\/depannelec-pro\/#primaryimage\"},\"thumbnailUrl\":\"https:\/\/energem.fr\/professionnel\/wp-content\/uploads\/sites\/5\/2022\/08\/depannelec-pro.jpeg\",\"datePublished\":\"2021-11-12T09:08:36+00:00\",\"dateModified\":\"2024-07-04T13:52:42+00:00\",\"breadcrumb\":{\"@id\":\"https:\/\/energem.fr\/professionnel\/depannelec-pro\/#breadcrumb\"},\"inLanguage\":\"fr-FR\",\"potentialAction\":[{\"@type\":\"ReadAction\",\"target\":[\"https:\/\/energem.fr\/professionnel\/depannelec-pro\/\"]}]},{\"@type\":\"ImageObject\",\"inLanguage\":\"fr-FR\",\"@id\":\"https:\/\/energem.fr\/professionnel\/depannelec-pro\/#primaryimage\",\"url\":\"https:\/\/energem.fr\/professionnel\/wp-content\/uploads\/sites\/5\/2022\/08\/depannelec-pro.jpeg\",\"contentUrl\":\"https:\/\/energem.fr\/professionnel\/wp-content\/uploads\/sites\/5\/2022\/08\/depannelec-pro.jpeg\",\"width\":1920,\"height\":939,\"caption\":\"d\u00e9pann'\u00e9lec pro\"},{\"@type\":\"BreadcrumbList\",\"@id\":\"https:\/\/energem.fr\/professionnel\/depannelec-pro\/#breadcrumb\",\"itemListElement\":[{\"@type\":\"ListItem\",\"position\":1,\"name\":\"Accueil\",\"item\":\"https:\/\/energem.fr\"},{\"@type\":\"ListItem\",\"position\":2,\"name\":\"professionnel\",\"item\":\"https:\/\/energem.fr\/professionnel\"},{\"@type\":\"ListItem\",\"position\":3,\"name\":\"D\u00e9pann&rsquo;\u00e9l\u00e9c pro\"}]},{\"@type\":\"WebSite\",\"@id\":\"https:\/\/energem.fr\/professionnel\/#website\",\"url\":\"https:\/\/energem.fr\/professionnel\/\",\"name\":\"energem professionnel\",\"description\":\"Un site utilisant Les sites de ENERGEM DEV\",\"publisher\":{\"@id\":\"https:\/\/energem.fr\/professionnel\/#organization\"},\"potentialAction\":[{\"@type\":\"SearchAction\",\"target\":{\"@type\":\"EntryPoint\",\"urlTemplate\":\"https:\/\/energem.fr\/professionnel\/?s={search_term_string}\"},\"query-input\":{\"@type\":\"PropertyValueSpecification\",\"valueRequired\":true,\"valueName\":\"search_term_string\"}}],\"inLanguage\":\"fr-FR\"},{\"@type\":\"Organization\",\"@id\":\"https:\/\/energem.fr\/professionnel\/#organization\",\"name\":\"energem professionnel\",\"url\":\"https:\/\/energem.fr\/professionnel\/\",\"logo\":{\"@type\":\"ImageObject\",\"inLanguage\":\"fr-FR\",\"@id\":\"https:\/\/energem.fr\/professionnel\/#\/schema\/logo\/image\/\",\"url\":\"https:\/\/energem.fr\/professionnel\/wp-content\/uploads\/sites\/5\/2021\/11\/logo-energem-groupeUEM_v1@2x.png\",\"contentUrl\":\"https:\/\/energem.fr\/professionnel\/wp-content\/uploads\/sites\/5\/2021\/11\/logo-energem-groupeUEM_v1@2x.png\",\"width\":522,\"height\":182,\"caption\":\"energem professionnel\"},\"image\":{\"@id\":\"https:\/\/energem.fr\/professionnel\/#\/schema\/logo\/image\/\"}}]}<\/script>\n<!-- \/ Yoast SEO plugin. -->","yoast_head_json":{"title":"D\u00e9pann'\u00e9l\u00e9c pro - energem professionnel","robots":{"index":"index","follow":"follow","max-snippet":"max-snippet:-1","max-image-preview":"max-image-preview:large","max-video-preview":"max-video-preview:-1"},"canonical":"https:\/\/energem.fr\/professionnel\/depannelec-pro\/","og_locale":"fr_FR","og_type":"article","og_title":"D\u00e9pann'\u00e9l\u00e9c pro - energem professionnel","og_url":"https:\/\/energem.fr\/professionnel\/depannelec-pro\/","og_site_name":"energem professionnel","article_modified_time":"2024-07-04T13:52:42+00:00","og_image":[{"width":1920,"height":939,"url":"https:\/\/energem.fr\/wp-content\/uploads\/sites\/5\/2022\/08\/depannelec-pro.jpeg","type":"image\/jpeg"}],"twitter_card":"summary_large_image","schema":{"@context":"https:\/\/schema.org","@graph":[{"@type":"WebPage","@id":"https:\/\/energem.fr\/professionnel\/depannelec-pro\/","url":"https:\/\/energem.fr\/professionnel\/depannelec-pro\/","name":"D\u00e9pann'\u00e9l\u00e9c pro - energem professionnel","isPartOf":{"@id":"https:\/\/energem.fr\/professionnel\/#website"},"primaryImageOfPage":{"@id":"https:\/\/energem.fr\/professionnel\/depannelec-pro\/#primaryimage"},"image":{"@id":"https:\/\/energem.fr\/professionnel\/depannelec-pro\/#primaryimage"},"thumbnailUrl":"https:\/\/energem.fr\/professionnel\/wp-content\/uploads\/sites\/5\/2022\/08\/depannelec-pro.jpeg","datePublished":"2021-11-12T09:08:36+00:00","dateModified":"2024-07-04T13:52:42+00:00","breadcrumb":{"@id":"https:\/\/energem.fr\/professionnel\/depannelec-pro\/#breadcrumb"},"inLanguage":"fr-FR","potentialAction":[{"@type":"ReadAction","target":["https:\/\/energem.fr\/professionnel\/depannelec-pro\/"]}]},{"@type":"ImageObject","inLanguage":"fr-FR","@id":"https:\/\/energem.fr\/professionnel\/depannelec-pro\/#primaryimage","url":"https:\/\/energem.fr\/professionnel\/wp-content\/uploads\/sites\/5\/2022\/08\/depannelec-pro.jpeg","contentUrl":"https:\/\/energem.fr\/professionnel\/wp-content\/uploads\/sites\/5\/2022\/08\/depannelec-pro.jpeg","width":1920,"height":939,"caption":"d\u00e9pann'\u00e9lec pro"},{"@type":"BreadcrumbList","@id":"https:\/\/energem.fr\/professionnel\/depannelec-pro\/#breadcrumb","itemListElement":[{"@type":"ListItem","position":1,"name":"Accueil","item":"https:\/\/energem.fr"},{"@type":"ListItem","position":2,"name":"professionnel","item":"https:\/\/energem.fr\/professionnel"},{"@type":"ListItem","position":3,"name":"D\u00e9pann&rsquo;\u00e9l\u00e9c pro"}]},{"@type":"WebSite","@id":"https:\/\/energem.fr\/professionnel\/#website","url":"https:\/\/energem.fr\/professionnel\/","name":"energem professionnel","description":"Un site utilisant Les sites de ENERGEM DEV","publisher":{"@id":"https:\/\/energem.fr\/professionnel\/#organization"},"potentialAction":[{"@type":"SearchAction","target":{"@type":"EntryPoint","urlTemplate":"https:\/\/energem.fr\/professionnel\/?s={search_term_string}"},"query-input":{"@type":"PropertyValueSpecification","valueRequired":true,"valueName":"search_term_string"}}],"inLanguage":"fr-FR"},{"@type":"Organization","@id":"https:\/\/energem.fr\/professionnel\/#organization","name":"energem professionnel","url":"https:\/\/energem.fr\/professionnel\/","logo":{"@type":"ImageObject","inLanguage":"fr-FR","@id":"https:\/\/energem.fr\/professionnel\/#\/schema\/logo\/image\/","url":"https:\/\/energem.fr\/professionnel\/wp-content\/uploads\/sites\/5\/2021\/11\/logo-energem-groupeUEM_v1@2x.png","contentUrl":"https:\/\/energem.fr\/professionnel\/wp-content\/uploads\/sites\/5\/2021\/11\/logo-energem-groupeUEM_v1@2x.png","width":522,"height":182,"caption":"energem professionnel"},"image":{"@id":"https:\/\/energem.fr\/professionnel\/#\/schema\/logo\/image\/"}}]}},"_links":{"self":[{"href":"https:\/\/energem.fr\/professionnel\/wp-json\/wp\/v2\/pages\/116","targetHints":{"allow":["GET"]}}],"collection":[{"href":"https:\/\/energem.fr\/professionnel\/wp-json\/wp\/v2\/pages"}],"about":[{"href":"https:\/\/energem.fr\/professionnel\/wp-json\/wp\/v2\/types\/page"}],"author":[{"embeddable":true,"href":"https:\/\/energem.fr\/professionnel\/wp-json\/wp\/v2\/users\/1"}],"replies":[{"embeddable":true,"href":"https:\/\/energem.fr\/professionnel\/wp-json\/wp\/v2\/comments?post=116"}],"version-history":[{"count":32,"href":"https:\/\/energem.fr\/professionnel\/wp-json\/wp\/v2\/pages\/116\/revisions"}],"predecessor-version":[{"id":600,"href":"https:\/\/energem.fr\/professionnel\/wp-json\/wp\/v2\/pages\/116\/revisions\/600"}],"wp:featuredmedia":[{"embeddable":true,"href":"https:\/\/energem.fr\/professionnel\/wp-json\/wp\/v2\/media\/395"}],"wp:attachment":[{"href":"https:\/\/energem.fr\/professionnel\/wp-json\/wp\/v2\/media?parent=116"}],"curies":[{"name":"wp","href":"https:\/\/api.w.org\/{rel}","templated":true}]}}